{"id":2,"date":"2011-07-22T01:53:21","date_gmt":"2011-07-22T01:53:21","guid":{"rendered":"http:\/\/www.eucomocarne.com.br\/?page_id=2"},"modified":"2011-08-02T18:19:55","modified_gmt":"2011-08-02T21:19:55","slug":"sample-page","status":"publish","type":"page","link":"https:\/\/eucomocarne.com.br\/?page_id=2","title":{"rendered":"Quem somos"},"content":{"rendered":"<p>Gostar de um bom churrasco hoje soa quase como uma heresia. Dentro da ditadura do politicamente correto, esperar, ansiosamente, pela picanha do final de semana &#8211; especialmente se o desejo vier acompanhado de uma cerveja &#8211; \u00e9 o suficiente para atrair olhares de repreens\u00e3o.<\/p>\n<p>Aqui n\u00e3o! No <strong>Eu Como Carne<\/strong> voc\u00ea pode admitir que a saladinha at\u00e9 vai, mas o churrasco com farofa ainda \u00e9 o prato principal e que para a grande maioria das pessoas nada disso faz mal e muito menos vai contra qualquer preceito de vida saud\u00e1vel. A gente at\u00e9 aceita um arrozinho para acompanhar.<\/p>\n<p>Divirta-se e comente nossas mat\u00e9rias \u00e0 vontade!<\/p>\n<p>O <strong>Eu Como Carne<\/strong> \u00e9 propriedade da Vis\u00e3o Internet Ltda., respons\u00e1vel pelo <a href=\"http:\/\/www.pecuaria.com.br\" target=\"_blank\"><strong>Pecu\u00e1ria.com.br<\/strong><\/a> &#8211; o primeiro site de busca, not\u00edcias e com\u00e9rcio da Pecu\u00e1ria brasileira, que existe desde 1999.<\/p>\n","protected":false},"excerpt":{"rendered":"<p>Gostar de um bom churrasco hoje soa quase como uma heresia. Dentro da ditadura do politicamente correto, esperar, ansiosamente, pela picanha do final de semana &#8211; especialmente se o desejo vier acompanhado de uma cerveja &#8211; \u00e9 o suficiente para atrair olhares de repreens\u00e3o. Aqui n\u00e3o! No Eu Como Carne voc\u00ea pode admitir que a [&hellip;]<\/p>\n","protected":false},"author":1,"featured_media":0,"parent":0,"menu_order":0,"comment_status":"open","ping_status":"open","template":"","meta":{"_monsterinsights_skip_tracking":false,"_monsterinsights_sitenote_active":false,"_monsterinsights_sitenote_note":"","_monsterinsights_sitenote_category":0,"footnotes":""},"aioseo_notices":[],"_links":{"self":[{"href":"https:\/\/eucomocarne.com.br\/index.php?rest_route=\/wp\/v2\/pages\/2"}],"collection":[{"href":"https:\/\/eucomocarne.com.br\/index.php?rest_route=\/wp\/v2\/pages"}],"about":[{"href":"https:\/\/eucomocarne.com.br\/index.php?rest_route=\/wp\/v2\/types\/page"}],"author":[{"embeddable":true,"href":"https:\/\/eucomocarne.com.br\/index.php?rest_route=\/wp\/v2\/users\/1"}],"replies":[{"embeddable":true,"href":"https:\/\/eucomocarne.com.br\/index.php?rest_route=%2Fwp%2Fv2%2Fcomments&post=2"}],"version-history":[{"count":5,"href":"https:\/\/eucomocarne.com.br\/index.php?rest_route=\/wp\/v2\/pages\/2\/revisions"}],"predecessor-version":[{"id":14,"href":"https:\/\/eucomocarne.com.br\/index.php?rest_route=\/wp\/v2\/pages\/2\/revisions\/14"}],"wp:attachment":[{"href":"https:\/\/eucomocarne.com.br\/index.php?rest_route=%2Fwp%2Fv2%2Fmedia&parent=2"}],"curies":[{"name":"wp","href":"https:\/\/api.w.org\/{rel}","templated":true}]}}